{"id":63,"date":"2024-02-01T21:22:21","date_gmt":"2024-02-01T20:22:21","guid":{"rendered":"http:\/\/www.glacerimo.fr\/?page_id=63"},"modified":"2025-12-15T12:14:56","modified_gmt":"2025-12-15T11:14:56","slug":"services","status":"publish","type":"page","link":"https:\/\/www.glacerimo.fr\/?page_id=63","title":{"rendered":"Nos Boutiques"},"content":{"rendered":"\t\t<div data-elementor-type=\"wp-page\" data-elementor-id=\"63\" class=\"elementor elementor-63\" data-elementor-post-type=\"page\">\n\t\t\t\t<div class=\"elementor-element elementor-element-abe383f e-flex e-con-boxed e-con e-parent\" data-id=\"abe383f\" data-element_type=\"container\">\n\t\t\t\t\t<div class=\"e-con-inner\">\n\t\t\t\t<div class=\"elementor-element elementor-element-2d24c3b elementor-widget elementor-widget-spacer\" data-id=\"2d24c3b\" data-element_type=\"widget\" data-widget_type=\"spacer.default\">\n\t\t\t\t<div class=\"elementor-widget-container\">\n\t\t\t\t\t\t\t<div class=\"elementor-spacer\">\n\t\t\t<div class=\"elementor-spacer-inner\"><\/div>\n\t\t<\/div>\n\t\t\t\t\t\t<\/div>\n\t\t\t\t<\/div>\n\t\t\t\t<div class=\"elementor-element elementor-element-417cf15 elementor-widget elementor-widget-heading\" data-id=\"417cf15\" data-element_type=\"widget\" data-widget_type=\"heading.default\">\n\t\t\t\t<div class=\"elementor-widget-container\">\n\t\t\t\t\t<h2 class=\"elementor-heading-title elementor-size-default\">Nos 4 boutiques <br>pour r\u00e9galer vos papilles <\/h2>\t\t\t\t<\/div>\n\t\t\t\t<\/div>\n\t\t\t\t<div class=\"elementor-element elementor-element-4c4e46c2 elementor-cta--layout-image-left elementor-cta--skin-classic elementor-animated-content elementor-bg-transform elementor-bg-transform-zoom-in elementor-widget elementor-widget-call-to-action\" data-id=\"4c4e46c2\" data-element_type=\"widget\" data-widget_type=\"call-to-action.default\">\n\t\t\t\t<div class=\"elementor-widget-container\">\n\t\t\t\t\t\t\t<div class=\"elementor-cta\">\n\t\t\t\t\t<div class=\"elementor-cta__bg-wrapper\">\n\t\t\t\t<div class=\"elementor-cta__bg elementor-bg\" style=\"background-image: url(https:\/\/www.glacerimo.fr\/wp-content\/uploads\/2024\/02\/NCS01395r-scaled.jpg);\" role=\"img\" aria-label=\"NCS01395r\"><\/div>\n\t\t\t\t<div class=\"elementor-cta__bg-overlay\"><\/div>\n\t\t\t<\/div>\n\t\t\t\t\t\t\t<div class=\"elementor-cta__content\">\n\t\t\t\t\t\t\t\t\t<div class=\"elementor-content-item elementor-cta__content-item elementor-icon-wrapper elementor-cta__icon elementor-view-default\">\n\t\t\t\t\t\t<div class=\"elementor-icon\">\n\t\t\t\t\t\t\t<svg aria-hidden=\"true\" class=\"e-font-icon-svg e-fas-hat-cowboy\" viewBox=\"0 0 640 512\" xmlns=\"http:\/\/www.w3.org\/2000\/svg\"><path d=\"M490 296.9C480.51 239.51 450.51 64 392.3 64c-14 0-26.49 5.93-37 14a58.21 58.21 0 0 1-70.58 0c-10.51-8-23-14-37-14-58.2 0-88.2 175.47-97.71 232.88C188.81 309.47 243.73 320 320 320s131.23-10.51 170-23.1zm142.9-37.18a16 16 0 0 0-19.75 1.5c-1 .9-101.27 90.78-293.16 90.78-190.82 0-292.22-89.94-293.24-90.84A16 16 0 0 0 1 278.53C1.73 280.55 78.32 480 320 480s318.27-199.45 319-201.47a16 16 0 0 0-6.09-18.81z\"><\/path><\/svg>\t\t\t\t\t\t<\/div>\n\t\t\t\t\t<\/div>\n\t\t\t\t\n\t\t\t\t\t\t\t\t\t<h3 class=\"elementor-cta__title elementor-cta__content-item elementor-content-item\">\n\t\t\t\t\t\tVenez \u00e0 la ferme le samedi apr\u00e8s-midi. \t\t\t\t\t<\/h3>\n\t\t\t\t\n\t\t\t\t\t\t\t\t\t<div class=\"elementor-cta__description elementor-cta__content-item elementor-content-item\">\n\t\t\t\t\t\tLe magasin \u00e0 la ferme est ouvert \u00e0 partir de 14h les samedis apr\u00e8s-midis &amp; <br>du lundi au samedi les apr\u00e8s-midis d'\u00e9t\u00e9 (juillet et aout).\t\t\t\t\t<\/div>\n\t\t\t\t\n\t\t\t\t\t\t\t<\/div>\n\t\t\t\t\t\t<\/div>\n\t\t\t\t\t\t<\/div>\n\t\t\t\t<\/div>\n\t\t\t\t<div class=\"elementor-element elementor-element-eb19a67 elementor-cta--layout-image-right elementor-cta--skin-classic elementor-animated-content elementor-bg-transform elementor-bg-transform-zoom-in elementor-widget elementor-widget-call-to-action\" data-id=\"eb19a67\" data-element_type=\"widget\" data-widget_type=\"call-to-action.default\">\n\t\t\t\t<div class=\"elementor-widget-container\">\n\t\t\t\t\t\t\t<a class=\"elementor-cta\" href=\"https:\/\/www.perouges-bugey-tourisme.com\/decouvrir\/la-cite-medievale-de-perouges\/\" target=\"_blank\">\n\t\t\t\t\t<div class=\"elementor-cta__bg-wrapper\">\n\t\t\t\t<div class=\"elementor-cta__bg elementor-bg\" style=\"background-image: url(https:\/\/www.glacerimo.fr\/wp-content\/uploads\/2024\/02\/WhatsApp-Image-2024-02-07-at-10.26.44.jpeg);\" role=\"img\" aria-label=\"WhatsApp Image 2024-02-07 at 10.26.44\"><\/div>\n\t\t\t\t<div class=\"elementor-cta__bg-overlay\"><\/div>\n\t\t\t<\/div>\n\t\t\t\t\t\t\t<div class=\"elementor-cta__content\">\n\t\t\t\t\t\t\t\t\t<div class=\"elementor-content-item elementor-cta__content-item elementor-icon-wrapper elementor-cta__icon elementor-view-default\">\n\t\t\t\t\t\t<div class=\"elementor-icon\">\n\t\t\t\t\t\t\t<svg aria-hidden=\"true\" class=\"e-font-icon-svg e-fas-ice-cream\" viewBox=\"0 0 448 512\" xmlns=\"http:\/\/www.w3.org\/2000\/svg\"><path d=\"M368 160h-.94a144 144 0 1 0-286.12 0H80a48 48 0 0 0 0 96h288a48 48 0 0 0 0-96zM195.38 493.69a31.52 31.52 0 0 0 57.24 0L352 288H96z\"><\/path><\/svg>\t\t\t\t\t\t<\/div>\n\t\t\t\t\t<\/div>\n\t\t\t\t\n\t\t\t\t\t\t\t\t\t<h3 class=\"elementor-cta__title elementor-cta__content-item elementor-content-item\">\n\t\t\t\t\t\tCit\u00e9 m\u00e9di\u00e9vale de P\u00e9rouges\t\t\t\t\t<\/h3>\n\t\t\t\t\n\t\t\t\t\t\t\t\t\t<div class=\"elementor-cta__description elementor-cta__content-item elementor-content-item\">\n\t\t\t\t\t\t<p class=\"MsoNormal\">P\u00e9rouges, la jolie cit\u00e9 m\u00e9di\u00e9vale, \u00e0 l\u2019Est de Lyon. Une\narchitecture venue tout droit du Moyen \u00c2ge.<\/p><b>Notre glacier est ouvert tous les apr\u00e8s-midis durant la saison estivale<\/b>.\n350 Rue des Rondes, 01800 P\u00e9rouges\t\t\t\t\t<\/div>\n\t\t\t\t\n\t\t\t\t\t\t\t\t\t<div class=\"elementor-cta__button-wrapper elementor-cta__content-item elementor-content-item \">\n\t\t\t\t\t<span class=\"elementor-cta__button elementor-button elementor-size-\">\n\t\t\t\t\t\tSite de l'office du tourisme\t\t\t\t\t<\/span>\n\t\t\t\t\t<\/div>\n\t\t\t\t\t\t\t<\/div>\n\t\t\t\t\t\t<\/a>\n\t\t\t\t\t\t<\/div>\n\t\t\t\t<\/div>\n\t\t\t\t<div class=\"elementor-element elementor-element-1969cc02 elementor-cta--layout-image-left elementor-cta--skin-classic elementor-animated-content elementor-bg-transform elementor-bg-transform-zoom-in elementor-widget elementor-widget-call-to-action\" data-id=\"1969cc02\" data-element_type=\"widget\" data-widget_type=\"call-to-action.default\">\n\t\t\t\t<div class=\"elementor-widget-container\">\n\t\t\t\t\t\t\t<div class=\"elementor-cta\">\n\t\t\t\t\t<div class=\"elementor-cta__bg-wrapper\">\n\t\t\t\t<div class=\"elementor-cta__bg elementor-bg\" style=\"background-image: url(https:\/\/www.glacerimo.fr\/wp-content\/uploads\/2024\/02\/WhatsApp-Image-2024-01-28-at-12.50.50.jpeg);\" role=\"img\" aria-label=\"WhatsApp Image 2024-01-28 at 12.50.50\"><\/div>\n\t\t\t\t<div class=\"elementor-cta__bg-overlay\"><\/div>\n\t\t\t<\/div>\n\t\t\t\t\t\t\t<div class=\"elementor-cta__content\">\n\t\t\t\t\t\t\t\t\t<div class=\"elementor-content-item elementor-cta__content-item elementor-icon-wrapper elementor-cta__icon elementor-view-default\">\n\t\t\t\t\t\t<div class=\"elementor-icon\">\n\t\t\t\t\t\t\t<svg aria-hidden=\"true\" class=\"e-font-icon-svg e-fas-coffee\" viewBox=\"0 0 640 512\" xmlns=\"http:\/\/www.w3.org\/2000\/svg\"><path d=\"M192 384h192c53 0 96-43 96-96h32c70.6 0 128-57.4 128-128S582.6 32 512 32H120c-13.3 0-24 10.7-24 24v232c0 53 43 96 96 96zM512 96c35.3 0 64 28.7 64 64s-28.7 64-64 64h-32V96h32zm47.7 384H48.3c-47.6 0-61-64-36-64h583.3c25 0 11.8 64-35.9 64z\"><\/path><\/svg>\t\t\t\t\t\t<\/div>\n\t\t\t\t\t<\/div>\n\t\t\t\t\n\t\t\t\t\t\t\t\t\t<h3 class=\"elementor-cta__title elementor-cta__content-item elementor-content-item\">\n\t\t\t\t\t\tArs sur Formans : en face de la Basilique !\t\t\t\t\t<\/h3>\n\t\t\t\t\n\t\t\t\t\t\t\t\t\t<div class=\"elementor-cta__description elementor-cta__content-item elementor-content-item\">\n\t\t\t\t\t\tArs, village de la Dombes, re\u00e7oit chaque ann\u00e9e des milliers de p\u00e8lerins qui viennent se recueillir, sur les pas de Jean-Marie Vianney, Saint Cur\u00e9 d'Ars.\nFort de cet h\u00e9ritage, le village d'Ars fait partie du r\u00e9seau des Villes Sanctuaires en France.\nAu cours de votre visite \u00e0 Ars, ne manquez pas : la Basilique, la Maison du Saint rest\u00e9e en l'\u00e9tat, le Monument de la Rencontre, la Chapelle du C\u0153ur, l'\u00e9glise Notre Dame de la Mis\u00e9ricorde, \u00e9glise semi-souterraine.\n<p><\/p>\n<b>Notre glacier est ouvert tous les apr\u00e8s-midis durant la saison estivale<\/b>.\n436 Rue Jean Marie Vianney, 01480 Ars-sur-Formans\t\t\t\t\t<\/div>\n\t\t\t\t\n\t\t\t\t\t\t\t<\/div>\n\t\t\t\t\t\t<\/div>\n\t\t\t\t\t\t<\/div>\n\t\t\t\t<\/div>\n\t\t\t\t<div class=\"elementor-element elementor-element-a927f7f elementor-cta--layout-image-right elementor-cta--skin-classic elementor-animated-content elementor-bg-transform elementor-bg-transform-zoom-in elementor-widget elementor-widget-call-to-action\" data-id=\"a927f7f\" data-element_type=\"widget\" data-widget_type=\"call-to-action.default\">\n\t\t\t\t<div class=\"elementor-widget-container\">\n\t\t\t\t\t\t\t<a class=\"elementor-cta\" href=\"https:\/\/www.perouges-bugey-tourisme.com\/decouvrir\/la-cite-medievale-de-perouges\/\" target=\"_blank\">\n\t\t\t\t\t\t\t<div class=\"elementor-cta__content\">\n\t\t\t\t\t\t\t\t\t<div class=\"elementor-content-item elementor-cta__content-item elementor-icon-wrapper elementor-cta__icon elementor-view-default\">\n\t\t\t\t\t\t<div class=\"elementor-icon\">\n\t\t\t\t\t\t\t<svg aria-hidden=\"true\" class=\"e-font-icon-svg e-fas-ice-cream\" viewBox=\"0 0 448 512\" xmlns=\"http:\/\/www.w3.org\/2000\/svg\"><path d=\"M368 160h-.94a144 144 0 1 0-286.12 0H80a48 48 0 0 0 0 96h288a48 48 0 0 0 0-96zM195.38 493.69a31.52 31.52 0 0 0 57.24 0L352 288H96z\"><\/path><\/svg>\t\t\t\t\t\t<\/div>\n\t\t\t\t\t<\/div>\n\t\t\t\t\n\t\t\t\t\t\t\t\t\t<h3 class=\"elementor-cta__title elementor-cta__content-item elementor-content-item\">\n\t\t\t\t\t\tLYON 6e, 21 cours Vitton \t\t\t\t\t<\/h3>\n\t\t\t\t\n\t\t\t\t\t\t\t\t\t<div class=\"elementor-cta__description elementor-cta__content-item elementor-content-item\">\n\t\t\t\t\t\t<p class=\"MsoNormal\">A deux pas de Massena ou \u00e0 quelques m\u00e8tres du parc de la T\u00eate d'Or,  venez profiter d'une glace au coeur de Lyon 6 !<\/p><b>Notre glacier est ouvert tous les apr\u00e8s-midis du mercredi au dimanche inclus de 13h30 \u00e0 19h30.<\/b>\t\t\t\t\t<\/div>\n\t\t\t\t\n\t\t\t\t\t\t\t\t\t<div class=\"elementor-cta__button-wrapper elementor-cta__content-item elementor-content-item \">\n\t\t\t\t\t<span class=\"elementor-cta__button elementor-button elementor-size-\">\n\t\t\t\t\t\tSe rendre\t\t\t\t\t<\/span>\n\t\t\t\t\t<\/div>\n\t\t\t\t\t\t\t<\/div>\n\t\t\t\t\t\t<\/a>\n\t\t\t\t\t\t<\/div>\n\t\t\t\t<\/div>\n\t\t\t\t<div class=\"elementor-element elementor-element-a744f9f elementor-widget elementor-widget-google_maps\" data-id=\"a744f9f\" data-element_type=\"widget\" data-widget_type=\"google_maps.default\">\n\t\t\t\t<div class=\"elementor-widget-container\">\n\t\t\t\t\t\t\t<div class=\"elementor-custom-embed\">\n\t\t\t<iframe loading=\"lazy\"\n\t\t\t\t\tsrc=\"https:\/\/maps.google.com\/maps?q=glace%20rimo%20pero&#038;t=m&#038;z=10&#038;output=embed&#038;iwloc=near\"\n\t\t\t\t\ttitle=\"glace rimo pero\"\n\t\t\t\t\taria-label=\"glace rimo pero\"\n\t\t\t><\/iframe>\n\t\t<\/div>\n\t\t\t\t\t\t<\/div>\n\t\t\t\t<\/div>\n\t\t\t\t\t<\/div>\n\t\t\t\t<\/div>\n\t\t<div class=\"elementor-element elementor-element-413b6362 e-flex e-con-boxed e-con e-parent\" data-id=\"413b6362\" data-element_type=\"container\">\n\t\t\t\t\t<div class=\"e-con-inner\">\n\t\t\t\t<div class=\"elementor-element elementor-element-1bf93739 elementor-cta--layout-image-right elementor-cta--mobile-layout-image-above elementor-cta--skin-classic elementor-animated-content elementor-widget elementor-widget-call-to-action\" data-id=\"1bf93739\" data-element_type=\"widget\" data-widget_type=\"call-to-action.default\">\n\t\t\t\t<div class=\"elementor-widget-container\">\n\t\t\t\t\t\t\t<div class=\"elementor-cta\">\n\t\t\t\t\t<div class=\"elementor-cta__bg-wrapper\">\n\t\t\t\t<div class=\"elementor-cta__bg elementor-bg\" style=\"background-image: url(https:\/\/www.glacerimo.fr\/wp-content\/uploads\/2024\/02\/Image-logo.png);\" role=\"img\" aria-label=\"Image logo\"><\/div>\n\t\t\t\t<div class=\"elementor-cta__bg-overlay\"><\/div>\n\t\t\t<\/div>\n\t\t\t\t\t\t\t<div class=\"elementor-cta__content\">\n\t\t\t\t\n\t\t\t\t\t\t\t\t\t<h2 class=\"elementor-cta__title elementor-cta__content-item elementor-content-item\">\n\t\t\t\t\t\tVous \u00eates un professionnel ? contactez-nous !\t\t\t\t\t<\/h2>\n\t\t\t\t\n\t\t\t\t\n\t\t\t\t\t\t\t\t\t<div class=\"elementor-cta__button-wrapper elementor-cta__content-item elementor-content-item \">\n\t\t\t\t\t<a class=\"elementor-cta__button elementor-button elementor-size-md\" href=\"https:\/\/www.glacerimo.fr\/?page_id=164\">\n\t\t\t\t\t\tContactez-nous\t\t\t\t\t<\/a>\n\t\t\t\t\t<\/div>\n\t\t\t\t\t\t\t<\/div>\n\t\t\t\t\t\t<\/div>\n\t\t\t\t\t\t<\/div>\n\t\t\t\t<\/div>\n\t\t\t\t\t<\/div>\n\t\t\t\t<\/div>\n\t\t<div class=\"elementor-element elementor-element-fbf1220 e-flex e-con-boxed e-con e-parent\" data-id=\"fbf1220\" data-element_type=\"container\">\n\t\t\t\t\t<div class=\"e-con-inner\">\n\t\t\t\t<div class=\"elementor-element elementor-element-9e9d30d elementor-widget elementor-widget-image\" data-id=\"9e9d30d\" data-element_type=\"widget\" data-widget_type=\"image.default\">\n\t\t\t\t<div class=\"elementor-widget-container\">\n\t\t\t\t\t\t\t\t\t\t\t\t\t\t\t<img fetchpriority=\"high\" decoding=\"async\" width=\"721\" height=\"1024\" src=\"https:\/\/www.glacerimo.fr\/wp-content\/uploads\/2024\/03\/Glace-RIMO-pour-votre-evenement-721x1024.png\" class=\"attachment-large size-large wp-image-769\" alt=\"\" srcset=\"https:\/\/www.glacerimo.fr\/wp-content\/uploads\/2024\/03\/Glace-RIMO-pour-votre-evenement-721x1024.png 721w, https:\/\/www.glacerimo.fr\/wp-content\/uploads\/2024\/03\/Glace-RIMO-pour-votre-evenement-211x300.png 211w, https:\/\/www.glacerimo.fr\/wp-content\/uploads\/2024\/03\/Glace-RIMO-pour-votre-evenement-768x1090.png 768w, https:\/\/www.glacerimo.fr\/wp-content\/uploads\/2024\/03\/Glace-RIMO-pour-votre-evenement-1082x1536.png 1082w, https:\/\/www.glacerimo.fr\/wp-content\/uploads\/2024\/03\/Glace-RIMO-pour-votre-evenement.png 1409w\" sizes=\"(max-width: 721px) 100vw, 721px\" style=\"width:100%;height:141.94%;max-width:1409px\" \/>\t\t\t\t\t\t\t\t\t\t\t\t\t\t\t<\/div>\n\t\t\t\t<\/div>\n\t\t\t\t\t<\/div>\n\t\t\t\t<\/div>\n\t\t\t\t<\/div>\n\t\t","protected":false},"excerpt":{"rendered":"<p>Nos 4 boutiques pour r\u00e9galer vos papilles Venez \u00e0 la ferme le samedi apr\u00e8s-midi. Le magasin \u00e0 la ferme est ouvert \u00e0 partir de 14h les samedis apr\u00e8s-midis &amp; du lundi au samedi les apr\u00e8s-midis d&#8217;\u00e9t\u00e9 (juillet et aout). Cit\u00e9 m\u00e9di\u00e9vale de P\u00e9rouges P\u00e9rouges, la jolie cit\u00e9 m\u00e9di\u00e9vale, \u00e0 l\u2019Est de Lyon. Une architecture venue&hellip; <a class=\"more-link\" href=\"https:\/\/www.glacerimo.fr\/?page_id=63\">Continue reading <span class=\"screen-reader-text\">Nos Boutiques<\/span><\/a><\/p>\n","protected":false},"author":1,"featured_media":0,"parent":0,"menu_order":0,"comment_status":"closed","ping_status":"closed","template":"elementor_header_footer","meta":{"footnotes":""},"class_list":["post-63","page","type-page","status-publish","hentry","entry"],"_links":{"self":[{"href":"https:\/\/www.glacerimo.fr\/index.php?rest_route=\/wp\/v2\/pages\/63","targetHints":{"allow":["GET"]}}],"collection":[{"href":"https:\/\/www.glacerimo.fr\/index.php?rest_route=\/wp\/v2\/pages"}],"about":[{"href":"https:\/\/www.glacerimo.fr\/index.php?rest_route=\/wp\/v2\/types\/page"}],"author":[{"embeddable":true,"href":"https:\/\/www.glacerimo.fr\/index.php?rest_route=\/wp\/v2\/users\/1"}],"replies":[{"embeddable":true,"href":"https:\/\/www.glacerimo.fr\/index.php?rest_route=%2Fwp%2Fv2%2Fcomments&post=63"}],"version-history":[{"count":110,"href":"https:\/\/www.glacerimo.fr\/index.php?rest_route=\/wp\/v2\/pages\/63\/revisions"}],"predecessor-version":[{"id":909,"href":"https:\/\/www.glacerimo.fr\/index.php?rest_route=\/wp\/v2\/pages\/63\/revisions\/909"}],"wp:attachment":[{"href":"https:\/\/www.glacerimo.fr\/index.php?rest_route=%2Fwp%2Fv2%2Fmedia&parent=63"}],"curies":[{"name":"wp","href":"https:\/\/api.w.org\/{rel}","templated":true}]}}