{"id":266,"date":"2024-02-07T20:57:20","date_gmt":"2024-02-07T19:57:20","guid":{"rendered":"http:\/\/www.glacerimo.fr\/?page_id=266"},"modified":"2024-03-28T23:38:36","modified_gmt":"2024-03-28T22:38:36","slug":"mentions-legales","status":"publish","type":"page","link":"https:\/\/www.glacerimo.fr\/?page_id=266","title":{"rendered":"Mentions L\u00e9gales"},"content":{"rendered":"\t\t<div data-elementor-type=\"wp-page\" data-elementor-id=\"266\" class=\"elementor elementor-266\" data-elementor-post-type=\"page\">\n\t\t\t\t<div class=\"elementor-element elementor-element-ff98d60 e-flex e-con-boxed e-con e-parent\" data-id=\"ff98d60\" data-element_type=\"container\">\n\t\t\t\t\t<div class=\"e-con-inner\">\n\t\t\t\t<div class=\"elementor-element elementor-element-0a1053e elementor-widget elementor-widget-text-editor\" data-id=\"0a1053e\" data-element_type=\"widget\" data-widget_type=\"text-editor.default\">\n\t\t\t\t<div class=\"elementor-widget-container\">\n\t\t\t\t\t\t\t\t\t<h3>Editeur du site :<\/h3><p>Le site est \u00e9dit\u00e9 par la soci\u00e9t\u00e9 GAEC DE JOSSERAND :<\/p><p>Raison sociale : GAEC DE JOSSERAND<\/p><p>Forme Juridique : Groupement Agricole d&#8217;Exploitation en Commun<\/p><p>Si\u00e8ge Social : Lieu-dit Josserand 01240 La Chapelle du Chatelard<\/p><p>Num\u00e9ro de t\u00e9l\u00e9phone : 06 52 07 10 86<\/p><p>Num\u00e9ro d&#8217;identification SIREN\/SIRET : 330 925 371 00016<\/p><p>Num\u00e9ro de TVA Intracommunautaire : FR40330925371<\/p><p>Num\u00e9ro d&#8217;Inscription au registre du commerce et des soci\u00e9t\u00e9s : Bourg-En-Bresse D 330 925 371<\/p><p>Capital Social : 334 800\u20ac<\/p><p>Activit\u00e9 soumise \u00e0 agr\u00e9ment : D\u00e9livrer par la DDT de l&#8217;Ain le 8 mars 2023 n\u00b084-04-338<\/p><h3>H\u00e9bergeur :<\/h3><p>OVH Cloud<\/p><p>OVH SAS est une filiale de la soci\u00e9t\u00e9 OVH Groupe SA, soci\u00e9t\u00e9 immatricul\u00e9e au RCS de Lille sous le num\u00e9ro 537 407 926 sise\u00a0<b>2, rue Kellermann, 59100 Roubaix<\/b>.<\/p><h3>Cr\u00e9dits Photos :<\/h3><p>\u00a9Clara DARGET LACOSTE<\/p><p>\u00a9Claire CURT\u00a0<\/p><p>Guillaume RIMAUD<\/p><p>\u00a0<\/p><div>\u00a0<\/div>\t\t\t\t\t\t\t\t<\/div>\n\t\t\t\t<\/div>\n\t\t\t\t\t<\/div>\n\t\t\t\t<\/div>\n\t\t\t\t<\/div>\n\t\t","protected":false},"excerpt":{"rendered":"<p>Editeur du site : Le site est \u00e9dit\u00e9 par la soci\u00e9t\u00e9 GAEC DE JOSSERAND : Raison sociale : GAEC DE JOSSERAND Forme Juridique : Groupement Agricole d&#8217;Exploitation en Commun Si\u00e8ge Social : Lieu-dit Josserand 01240 La Chapelle du Chatelard Num\u00e9ro de t\u00e9l\u00e9phone : 06 52 07 10 86 Num\u00e9ro d&#8217;identification SIREN\/SIRET : 330 925 371&hellip; <a class=\"more-link\" href=\"https:\/\/www.glacerimo.fr\/?page_id=266\">Continue reading <span class=\"screen-reader-text\">Mentions L\u00e9gales<\/span><\/a><\/p>\n","protected":false},"author":1,"featured_media":0,"parent":0,"menu_order":0,"comment_status":"closed","ping_status":"closed","template":"","meta":{"footnotes":""},"class_list":["post-266","page","type-page","status-publish","hentry","entry"],"_links":{"self":[{"href":"https:\/\/www.glacerimo.fr\/index.php?rest_route=\/wp\/v2\/pages\/266","targetHints":{"allow":["GET"]}}],"collection":[{"href":"https:\/\/www.glacerimo.fr\/index.php?rest_route=\/wp\/v2\/pages"}],"about":[{"href":"https:\/\/www.glacerimo.fr\/index.php?rest_route=\/wp\/v2\/types\/page"}],"author":[{"embeddable":true,"href":"https:\/\/www.glacerimo.fr\/index.php?rest_route=\/wp\/v2\/users\/1"}],"replies":[{"embeddable":true,"href":"https:\/\/www.glacerimo.fr\/index.php?rest_route=%2Fwp%2Fv2%2Fcomments&post=266"}],"version-history":[{"count":16,"href":"https:\/\/www.glacerimo.fr\/index.php?rest_route=\/wp\/v2\/pages\/266\/revisions"}],"predecessor-version":[{"id":698,"href":"https:\/\/www.glacerimo.fr\/index.php?rest_route=\/wp\/v2\/pages\/266\/revisions\/698"}],"wp:attachment":[{"href":"https:\/\/www.glacerimo.fr\/index.php?rest_route=%2Fwp%2Fv2%2Fmedia&parent=266"}],"curies":[{"name":"wp","href":"https:\/\/api.w.org\/{rel}","templated":true}]}}